{"id":6,"date":"2026-01-13T21:17:14","date_gmt":"2026-01-13T20:17:14","guid":{"rendered":"https:\/\/wagnerfinanz.immo\/?page_id=6"},"modified":"2026-01-21T15:32:31","modified_gmt":"2026-01-21T14:32:31","slug":"wagnerfinanz-home","status":"publish","type":"page","link":"https:\/\/wagnerfinanz.immo\/en\/","title":{"rendered":"WagnerFinanz Home"},"content":{"rendered":"\n<div class=\"wp-block-group is-layout-flow wp-block-group-is-layout-flow\" style=\"padding-right:0;padding-left:0\">\n<div class=\"wp-block-cover is-light has-custom-content-position is-position-top-center\" style=\"border-top-left-radius:20px;border-top-right-radius:20px;border-bottom-left-radius:20px;border-bottom-right-radius:20px;margin-top:0;margin-bottom:0;padding-top:var(--wp--preset--spacing--40);padding-right:0px;padding-bottom:var(--wp--preset--spacing--40);padding-left:0px;min-height:907px;aspect-ratio:unset;\"><img loading=\"lazy\" decoding=\"async\" width=\"2560\" height=\"1707\" class=\"wp-block-cover__image-background wp-image-16 size-full\" alt=\"\" src=\"https:\/\/wagnerfinanz.immo\/wp-content\/uploads\/2025\/12\/WagnerFinanz-5-scaled.jpg\" data-object-fit=\"cover\" srcset=\"https:\/\/wagnerfinanz.immo\/wp-content\/uploads\/2025\/12\/WagnerFinanz-5-scaled.jpg 2560w, https:\/\/wagnerfinanz.immo\/wp-content\/uploads\/2025\/12\/WagnerFinanz-5-300x200.jpg 300w, https:\/\/wagnerfinanz.immo\/wp-content\/uploads\/2025\/12\/WagnerFinanz-5-1024x683.jpg 1024w, https:\/\/wagnerfinanz.immo\/wp-content\/uploads\/2025\/12\/WagnerFinanz-5-768x512.jpg 768w, https:\/\/wagnerfinanz.immo\/wp-content\/uploads\/2025\/12\/WagnerFinanz-5-1536x1024.jpg 1536w, https:\/\/wagnerfinanz.immo\/wp-content\/uploads\/2025\/12\/WagnerFinanz-5-2048x1365.jpg 2048w\" sizes=\"auto, (max-width: 2560px) 100vw, 2560px\" \/><span aria-hidden=\"true\" class=\"wp-block-cover__background has-background-dim-0 has-background-dim\" style=\"background-color:#a4abb0\"><\/span><div class=\"wp-block-cover__inner-container has-global-padding is-layout-constrained wp-container-core-cover-is-layout-537352a0 wp-block-cover-is-layout-constrained\">\n<div class=\"wp-block-group hero-textbox has-global-padding is-layout-constrained wp-container-core-group-is-layout-ff778368 wp-block-group-is-layout-constrained\" style=\"padding-right:var(--wp--preset--spacing--30);padding-left:var(--wp--preset--spacing--30)\">\n<div class=\"wp-block-group has-background is-vertical is-content-justification-center is-layout-flex wp-container-core-group-is-layout-a8e66c39 wp-block-group-is-layout-flex\" style=\"border-top-left-radius:20px;border-top-right-radius:20px;border-bottom-left-radius:20px;border-bottom-right-radius:20px;background-color:#ffffffde;margin-top:var(--wp--preset--spacing--30);margin-bottom:var(--wp--preset--spacing--30);padding-top:var(--wp--preset--spacing--40);padding-right:var(--wp--preset--spacing--20);padding-bottom:var(--wp--preset--spacing--40);padding-left:var(--wp--preset--spacing--20)\">\n<p class=\"has-text-align-center\" style=\"font-size:clamp(1.551rem, 1.551rem + ((1vw - 0.2rem) * 1.645), 2.6rem);\">Ihre Finanzierung in besten H\u00e4nden<\/p>\n\n\n\n<p class=\"has-text-align-center has-custom-secondary-color has-text-color has-link-color has-large-font-size wp-elements-ebd6bee61c698aa72c2252b9b0ef5a1b\">Unabh\u00e4ngige Baufinanzierungsberatung \u2013 pers\u00f6nlich f\u00fcr Sie da im Rhein-Main-Gebiet und bundesweit<\/p>\n\n\n\n<div class=\"wp-block-kadence-advancedbtn kb-buttons-wrap kb-btns6_561b77-ce\"><a class=\"kb-button kt-button button kb-btn6_48c292-b1 kt-btn-size-standard kt-btn-width-type-auto kb-btn-global-fill  kt-btn-has-text-true kt-btn-has-svg-false  wp-block-kadence-singlebtn\" href=\"https:\/\/wagnerfinanz.immo\/uber-mich\/\"><span class=\"kt-btn-inner-text\">\u00dcber mich<\/span><\/a>\n\n<a class=\"kb-button kt-button button kb-btn6_6a8534-3d kt-btn-size-standard kt-btn-width-type-auto kb-btn-global-fill  kt-btn-has-text-true kt-btn-has-svg-false  wp-block-kadence-singlebtn\" href=\"https:\/\/wagnerfinanz.immo\/leistungsuebersicht\/\"><span class=\"kt-btn-inner-text\">Leistungen<\/span><\/a><\/div>\n<\/div>\n<\/div>\n<\/div><\/div>\n\n\n\n<div style=\"height:40px\" aria-hidden=\"true\" class=\"wp-block-spacer\"><\/div>\n<\/div>\n\n\n\n<div class=\"wp-block-columns is-layout-flex wp-container-core-columns-is-layout-e0e4babd wp-block-columns-is-layout-flex\" style=\"padding-right:0;padding-left:0\">\n<div class=\"wp-block-column is-vertically-aligned-top is-layout-flow wp-block-column-is-layout-flow\" style=\"flex-basis:35%\">\n<figure class=\"wp-block-image size-full has-custom-border\"><img loading=\"lazy\" decoding=\"async\" width=\"1707\" height=\"2560\" src=\"https:\/\/wagnerfinanz.immo\/wp-content\/uploads\/2025\/12\/WagnerFinanz-8-scaled.jpg\" alt=\"\" class=\"wp-image-29\" style=\"border-top-left-radius:20px;border-top-right-radius:20px;border-bottom-left-radius:20px;border-bottom-right-radius:20px;aspect-ratio:0.6668069880025258;object-fit:contain\" srcset=\"https:\/\/wagnerfinanz.immo\/wp-content\/uploads\/2025\/12\/WagnerFinanz-8-scaled.jpg 1707w, https:\/\/wagnerfinanz.immo\/wp-content\/uploads\/2025\/12\/WagnerFinanz-8-200x300.jpg 200w, https:\/\/wagnerfinanz.immo\/wp-content\/uploads\/2025\/12\/WagnerFinanz-8-683x1024.jpg 683w, https:\/\/wagnerfinanz.immo\/wp-content\/uploads\/2025\/12\/WagnerFinanz-8-768x1152.jpg 768w, https:\/\/wagnerfinanz.immo\/wp-content\/uploads\/2025\/12\/WagnerFinanz-8-1024x1536.jpg 1024w, https:\/\/wagnerfinanz.immo\/wp-content\/uploads\/2025\/12\/WagnerFinanz-8-1365x2048.jpg 1365w\" sizes=\"auto, (max-width: 1707px) 100vw, 1707px\" \/><\/figure>\n<\/div>\n\n\n\n<div class=\"wp-block-column is-vertically-aligned-center is-layout-flow wp-block-column-is-layout-flow\" style=\"flex-basis:65%\">\n<h1 class=\"wp-block-heading is-style-default has-custom-color-text-bg-dark-color has-text-color\" style=\"font-size:clamp(1.092rem, 1.092rem + ((1vw - 0.2rem) * 0.954), 1.7rem);\">Individuelle Finanzierungen.<br>Langj\u00e4hrige Erfahrung.<br>Pers\u00f6nliche Begleitung.<\/h1>\n\n\n\n<h3 class=\"wp-block-heading has-custom-color-text-bg-dark-color has-text-color has-urbanist-font-family\" style=\"font-size:clamp(1.092rem, 1.092rem + ((1vw - 0.2rem) * 0.954), 1.7rem);\">M\u00f3nica Wagner ist Ihre zuverl\u00e4ssige Partnerin f\u00fcr Finanzierungen und Immobilienvorhaben.<\/h3>\n\n\n<div\r\n    \tclass=\"alignwide wp-block-ctrb-counters\"    id='ctrbCounters-1'\r\n    data-attributes='{&quot;counters&quot;:[{&quot;background&quot;:{&quot;color&quot;:&quot;#f5f5f5&quot;,&quot;type&quot;:&quot;solid&quot;},&quot;icon&quot;:{&quot;class&quot;:&quot;fa-solid fa-business-time&quot;,&quot;fontSize&quot;:50,&quot;color&quot;:&quot;#ff8000&quot;,&quot;colorType&quot;:&quot;solid&quot;},&quot;number&quot;:{&quot;start&quot;:0,&quot;end&quot;:35,&quot;prefix&quot;:&quot;&quot;,&quot;suffix&quot;:&quot;+&quot;,&quot;color&quot;:&quot;#3d3d47&quot;},&quot;label&quot;:{&quot;text&quot;:&quot;Jahre Erfahrung&quot;,&quot;color&quot;:&quot;#3d3d47&quot;}},{&quot;background&quot;:{&quot;color&quot;:&quot;#f5f5f5&quot;,&quot;type&quot;:&quot;solid&quot;},&quot;icon&quot;:{&quot;class&quot;:&quot;fa-solid fa-house&quot;,&quot;fontSize&quot;:50,&quot;color&quot;:&quot;#ff8000&quot;,&quot;colorType&quot;:&quot;solid&quot;},&quot;number&quot;:{&quot;start&quot;:0,&quot;end&quot;:730,&quot;prefix&quot;:&quot;&quot;,&quot;suffix&quot;:&quot;+&quot;,&quot;color&quot;:&quot;#3d3d47&quot;},&quot;label&quot;:{&quot;text&quot;:&quot;Finanzierungen umgesetzt&quot;,&quot;color&quot;:&quot;#3d3d47&quot;}},{&quot;background&quot;:{&quot;color&quot;:&quot;#f5f5f5&quot;,&quot;type&quot;:&quot;solid&quot;},&quot;icon&quot;:{&quot;class&quot;:&quot;fa-solid fa-handshake&quot;,&quot;fontSize&quot;:50,&quot;color&quot;:&quot;#ff8000&quot;,&quot;colorType&quot;:&quot;solid&quot;},&quot;number&quot;:{&quot;start&quot;:0,&quot;end&quot;:400,&quot;prefix&quot;:&quot;&quot;,&quot;suffix&quot;:&quot;+&quot;,&quot;color&quot;:&quot;#3d3d47&quot;},&quot;label&quot;:{&quot;text&quot;:&quot;Banken im Vergleich&quot;,&quot;color&quot;:&quot;#3d3d47&quot;}}],&quot;theme&quot;:&quot;theme2&quot;,&quot;columns&quot;:{&quot;desktop&quot;:3,&quot;tablet&quot;:1,&quot;mobile&quot;:1},&quot;columnGap&quot;:&quot;40px&quot;,&quot;rowGap&quot;:&quot;20px&quot;,&quot;background&quot;:{&quot;color&quot;:&quot;#0000&quot;,&quot;type&quot;:&quot;solid&quot;,&quot;image&quot;:{&quot;url&quot;:&quot;https:\\\/\\\/i.imgur.com\\\/n8bbzIE.jpeg&quot;},&quot;overlayColor&quot;:&quot;#000000b3&quot;},&quot;padding&quot;:{&quot;vertical&quot;:&quot;&quot;,&quot;horizontal&quot;:&quot;0px&quot;,&quot;side&quot;:4,&quot;top&quot;:&quot;0px&quot;,&quot;right&quot;:&quot;0px&quot;,&quot;bottom&quot;:&quot;0px&quot;,&quot;left&quot;:&quot;0px&quot;},&quot;counterWidth&quot;:&quot;100%&quot;,&quot;counterHeight&quot;:&quot;170px&quot;,&quot;iconSize&quot;:30,&quot;iconPosition&quot;:&quot;label&quot;,&quot;numberTypo&quot;:{&quot;fontSize&quot;:{&quot;desktop&quot;:&quot;40px&quot;,&quot;tablet&quot;:&quot;40px&quot;,&quot;mobile&quot;:&quot;32px&quot;},&quot;isUploadFont&quot;:true,&quot;fontWeight&quot;:300,&quot;fontVariant&quot;:&quot;300&quot;,&quot;lineHeight&quot;:&quot;&quot;},&quot;labelTypo&quot;:{&quot;fontSize&quot;:{&quot;desktop&quot;:&quot;25px&quot;,&quot;tablet&quot;:&quot;20px&quot;,&quot;mobile&quot;:&quot;18px&quot;},&quot;fontWeight&quot;:300,&quot;fontVariant&quot;:&quot;300&quot;,&quot;isUploadFont&quot;:false,&quot;lineHeight&quot;:&quot;&quot;},&quot;counterPadding&quot;:{&quot;vertical&quot;:&quot;0px&quot;,&quot;horizontal&quot;:&quot;0px&quot;,&quot;side&quot;:2,&quot;top&quot;:&quot;0px&quot;,&quot;right&quot;:&quot;0px&quot;,&quot;bottom&quot;:&quot;0px&quot;,&quot;left&quot;:&quot;0px&quot;},&quot;counterBorder&quot;:{&quot;radius&quot;:&quot;20px&quot;,&quot;width&quot;:&quot;&quot;,&quot;color&quot;:&quot;#ff8000&quot;},&quot;align&quot;:&quot;wide&quot;,&quot;duration&quot;:2000,&quot;separator&quot;:{&quot;char&quot;:&quot;&quot;},&quot;textAlign&quot;:&quot;center&quot;,&quot;isIcon&quot;:true,&quot;isLabel&quot;:true,&quot;isSubLabel&quot;:false,&quot;subLabelTypo&quot;:{&quot;fontSize&quot;:{&quot;desktop&quot;:&quot;14px&quot;,&quot;tablet&quot;:&quot;12px&quot;,&quot;mobile&quot;:&quot;12px&quot;}},&quot;counterShadow&quot;:[],&quot;counterMultiShadow&quot;:[{&quot;hOffset&quot;:&quot;0px&quot;,&quot;vOffset&quot;:&quot;4px&quot;,&quot;blur&quot;:&quot;6px&quot;,&quot;spread&quot;:&quot;-1px&quot;,&quot;color&quot;:&quot;rgba(0, 0, 0, 0.1)&quot;,&quot;isInset&quot;:false},{&quot;hOffset&quot;:&quot;0px&quot;,&quot;vOffset&quot;:&quot;2px&quot;,&quot;blur&quot;:&quot;4px&quot;,&quot;spread&quot;:&quot;-2px&quot;,&quot;color&quot;:&quot;rgba(0, 0, 0, 0.1)&quot;,&quot;isInset&quot;:false}],&quot;counterHoverMultiShadow&quot;:[{&quot;hOffset&quot;:&quot;0px&quot;,&quot;vOffset&quot;:&quot;10px&quot;,&quot;blur&quot;:&quot;15px&quot;,&quot;spread&quot;:&quot;-3px&quot;,&quot;color&quot;:&quot;rgba(0, 0, 0, 0.1)&quot;,&quot;isInset&quot;:false},{&quot;hOffset&quot;:&quot;0px&quot;,&quot;vOffset&quot;:&quot;4px&quot;,&quot;blur&quot;:&quot;6px&quot;,&quot;spread&quot;:&quot;-4px&quot;,&quot;color&quot;:&quot;rgba(0, 0, 0, 0.1)&quot;,&quot;isInset&quot;:false}],&quot;numberBox&quot;:[],&quot;iconContainer&quot;:{&quot;dimensions&quot;:{&quot;height&quot;:&quot;64px&quot;,&quot;width&quot;:&quot;64px&quot;}},&quot;circle&quot;:{&quot;radius&quot;:70,&quot;stroke&quot;:9},&quot;proControls&quot;:{&quot;isReverse&quot;:false,&quot;decimals&quot;:0,&quot;easing&quot;:&quot;linear&quot;,&quot;delay&quot;:0,&quot;repeatOnScroll&quot;:false,&quot;isAnimateIcon&quot;:false,&quot;animationType&quot;:&quot;classic&quot;,&quot;rollingStaggerMode&quot;:&quot;per-counter&quot;,&quot;trigger&quot;:&quot;onVisible&quot;,&quot;customTriggerSelector&quot;:&quot;&quot;},&quot;TrpContentRestriction&quot;:{&quot;restriction_type&quot;:&quot;exclude&quot;,&quot;selected_languages&quot;:[],&quot;panel_open&quot;:true}}'\r\n><\/div><\/div>\n<\/div>\n\n\n\n<div style=\"height:80px\" aria-hidden=\"true\" class=\"wp-block-spacer\"><\/div>\n\n\n\n<div class=\"wp-block-columns is-layout-flex wp-container-core-columns-is-layout-e0e4babd wp-block-columns-is-layout-flex\" style=\"padding-right:0;padding-left:0\">\n<div class=\"wp-block-column is-layout-flow wp-block-column-is-layout-flow\">\n<h2 class=\"wp-block-heading\" style=\"padding-top:0;padding-bottom:var(--wp--preset--spacing--20)\">Mein Beratungsprozess<\/h2>\n\n\n\n<p class=\"has-medium-font-size\">Als unabh\u00e4ngige Finanzierungsvermittlerin begleite ich Sie pers\u00f6nlich und strukturiert durch den gesamten Finanzierungsprozess \u2013 vom ersten Gespr\u00e4ch bis zur Auszahlung.<\/p>\n\n\n\n<p class=\"has-medium-font-size\">Mein Beratungsprozess ist darauf ausgelegt, Ihnen Zeit zu sparen und Klarheit zu schaffen: durch klare Schritte, verst\u00e4ndliche Beratung und einen effizienten Weg zur passenden Finanzierung.<\/p>\n\n\n\n<ul style=\"margin-top:0;margin-bottom:var(--wp--preset--spacing--40)\" class=\"wp-block-list is-style-checkmark-list\">\n<li class=\"has-medium-font-size\"><strong>Individuell:&nbsp;<\/strong>Sie erhalten von Beginn an einen transparenten \u00dcberblick \u00fcber alle Phasen Ihres Finanzierungsvorhaben \u2013 klar strukturiert und auf Ihre Situation abgestimmt.<\/li>\n\n\n\n<li class=\"has-medium-font-size\"><strong>Zielf\u00fchrend:<\/strong>&nbsp;Mit langj\u00e4hriger Bankerfahrung und einer klaren Strategie bereiten wir Ihre Finanzierung optimal vor \u2013 f\u00fcr h\u00f6here Zusagechancen und oft bessere Konditionen.<\/li>\n\n\n\n<li class=\"has-medium-font-size\"><strong>Unabh\u00e4ngig:<\/strong>&nbsp;Ich vergleiche die Angebote zahlreicher Banken und finde die L\u00f6sung, die wirklich zu Ihnen passt.<\/li>\n\n\n\n<li class=\"has-medium-font-size\"><strong>Kostenfrei:&nbsp;<\/strong>Die Verg\u00fctung erfolgt durch den Darlehensgeber. F\u00fcr Sie ist meine Beratung vollst\u00e4ndig kostenfrei.<\/li>\n<\/ul>\n\n\n\n<div class=\"wp-block-kadence-advancedbtn kb-buttons-wrap kb-btns6_1853a3-f0\"><a class=\"kb-button kt-button button kb-btn6_41a75d-23 kt-btn-size-standard kt-btn-width-type-fixed kb-btn-global-fill  kt-btn-has-text-true kt-btn-has-svg-false  wp-block-kadence-singlebtn\" href=\"https:\/\/wagnerfinanz.immo\/kontakt\/\"><span class=\"kt-btn-inner-text\">Jetzt unverbindlich beraten lassen<\/span><\/a>\n\n<a class=\"kb-button kt-button button kb-btn6_b4dfc1-0e kt-btn-size-standard kt-btn-width-type-fixed kb-btn-global-fill  kt-btn-has-text-true kt-btn-has-svg-true  wp-block-kadence-singlebtn\" href=\"https:\/\/drive.google.com\/uc?export=download&#038;id=1kDovHzUJi2OwEzTHyLrOjS6yoP1CZgoe\"><span class=\"kt-btn-inner-text\">Selbstauskunft<\/span><span class=\"kb-svg-icon-wrap kb-svg-icon-fe_download kt-btn-icon-side-right\"><svg viewBox=\"0 0 24 24\"  fill=\"none\" stroke=\"currentColor\" stroke-width=\"2\" stroke-linecap=\"round\" stroke-linejoin=\"round\" xmlns=\"http:\/\/www.w3.org\/2000\/svg\"  aria-hidden=\"true\"><path d=\"M21 15v4a2 2 0 0 1-2 2H5a2 2 0 0 1-2-2v-4\"\/><polyline points=\"7 10 12 15 17 10\"\/><line x1=\"12\" y1=\"15\" x2=\"12\" y2=\"3\"\/><\/svg><\/span><\/a><\/div>\n<\/div>\n\n\n\n<div class=\"wp-block-column equal-steps is-layout-flow wp-block-column-is-layout-flow\" style=\"flex-basis:50%\">\n<div class=\"wp-block-group equal-steps is-vertical is-content-justification-left is-layout-flex wp-container-core-group-is-layout-a7fbdf68 wp-block-group-is-layout-flex\" style=\"border-top-left-radius:20px;border-top-right-radius:20px;border-bottom-left-radius:20px;border-bottom-right-radius:20px;padding-top:0;padding-bottom:0\">\n<div class=\"wp-block-group equal-steps has-custom-quartermary-background-color has-background wp-container-content-9cfa9a5a is-vertical is-layout-flex wp-container-core-group-is-layout-79d58207 wp-block-group-is-layout-flex\" style=\"border-top-left-radius:20px;border-top-right-radius:20px;border-bottom-left-radius:20px;border-bottom-right-radius:20px;padding-top:var(--wp--preset--spacing--30);padding-right:var(--wp--preset--spacing--30);padding-bottom:var(--wp--preset--spacing--30);padding-left:var(--wp--preset--spacing--30)\">\n<figure class=\"wp-block-image size-full\"><img loading=\"lazy\" decoding=\"async\" width=\"44\" height=\"39\" src=\"https:\/\/wagnerfinanz.immo\/wp-content\/uploads\/2025\/12\/Bildschirmfoto-2025-12-21-um-22.19.40.png\" alt=\"\" class=\"wp-image-137\"\/><\/figure>\n\n\n\n<p class=\"has-medium-font-size\" style=\"font-style:normal;font-weight:700\">Erstgespr\u00e4ch und Analyse<\/p>\n\n\n\n<p class=\"has-medium-font-size\">Wir besprechen Ihre pers\u00f6nliche Situation, Ihre W\u00fcnsche und Ihr Vorhaben, um die optimale Finanzierungsstrategie zu erarbeiten. Ich analysiere Ihre Unterlagen und zeige transparent auf, was f\u00fcr eine erfolgreiche Finanzierung notwendig ist.<\/p>\n<\/div>\n\n\n\n<div class=\"wp-block-group has-custom-quartermary-background-color has-background wp-container-content-9cfa9a5a is-vertical is-layout-flex wp-container-core-group-is-layout-125ee0f5 wp-block-group-is-layout-flex\" style=\"border-top-left-radius:20px;border-top-right-radius:20px;border-bottom-left-radius:20px;border-bottom-right-radius:20px;padding-top:var(--wp--preset--spacing--30);padding-right:var(--wp--preset--spacing--30);padding-bottom:var(--wp--preset--spacing--30);padding-left:var(--wp--preset--spacing--30)\">\n<figure class=\"wp-block-image size-full\"><img loading=\"lazy\" decoding=\"async\" width=\"38\" height=\"38\" src=\"https:\/\/wagnerfinanz.immo\/wp-content\/uploads\/2025\/12\/Bildschirmfoto-2025-12-21-um-22.23.50.png\" alt=\"\" class=\"wp-image-139\"\/><\/figure>\n\n\n\n<p class=\"has-medium-font-size\" style=\"font-style:normal;font-weight:700\">Angebotsvergleich<\/p>\n\n\n\n<p class=\"has-medium-font-size\">Ich vergleiche f\u00fcr Sie die besten Finanzierungsangebote verschiedener Banken und pr\u00e4sentiere Ihnen ein individuelles Konzept.<\/p>\n<\/div>\n\n\n\n<div class=\"wp-block-group has-custom-quartermary-background-color has-background wp-container-content-9cfa9a5a is-vertical is-layout-flex wp-container-core-group-is-layout-79d58207 wp-block-group-is-layout-flex\" style=\"border-top-left-radius:20px;border-top-right-radius:20px;border-bottom-left-radius:20px;border-bottom-right-radius:20px;padding-top:var(--wp--preset--spacing--30);padding-right:var(--wp--preset--spacing--30);padding-bottom:var(--wp--preset--spacing--30);padding-left:var(--wp--preset--spacing--30)\">\n<div class=\"wp-block-group is-nowrap is-layout-flex wp-container-core-group-is-layout-6c531013 wp-block-group-is-layout-flex\">\n<figure class=\"wp-block-image size-full\"><img loading=\"lazy\" decoding=\"async\" width=\"40\" height=\"38\" src=\"https:\/\/wagnerfinanz.immo\/wp-content\/uploads\/2025\/12\/Bildschirmfoto-2025-12-21-um-22.24.09.png\" alt=\"\" class=\"wp-image-140\"\/><\/figure>\n<\/div>\n\n\n\n<p class=\"has-medium-font-size\" style=\"font-style:normal;font-weight:700\">Antrag und Abwicklung<\/p>\n\n\n\n<p class=\"has-medium-font-size\">Ich \u00fcbernehme f\u00fcr Sie die gesamte Antragstellung, bereite alle Unterlagen vor und k\u00fcmmere mich um eine reibungslose Abwicklung.<\/p>\n<\/div>\n\n\n\n<div class=\"wp-block-group has-custom-quartermary-background-color has-background wp-container-content-9cfa9a5a is-vertical is-layout-flex wp-container-core-group-is-layout-79d58207 wp-block-group-is-layout-flex\" style=\"border-top-left-radius:20px;border-top-right-radius:20px;border-bottom-left-radius:20px;border-bottom-right-radius:20px;padding-top:var(--wp--preset--spacing--30);padding-right:var(--wp--preset--spacing--30);padding-bottom:var(--wp--preset--spacing--30);padding-left:var(--wp--preset--spacing--30)\">\n<div class=\"wp-block-group is-nowrap is-layout-flex wp-container-core-group-is-layout-6c531013 wp-block-group-is-layout-flex\">\n<figure class=\"wp-block-image size-full\"><img loading=\"lazy\" decoding=\"async\" width=\"41\" height=\"37\" src=\"https:\/\/wagnerfinanz.immo\/wp-content\/uploads\/2025\/12\/Bildschirmfoto-2025-12-21-um-22.24.31.png\" alt=\"\" class=\"wp-image-141\"\/><\/figure>\n<\/div>\n\n\n\n<p class=\"has-medium-font-size\" style=\"font-style:normal;font-weight:700\">Abschluss<\/p>\n\n\n\n<p class=\"has-medium-font-size\">Nach der Zusage begleite ich Sie bis zur finalen Auszahlung und stehe Ihnen jederzeit als Ansprechpartnerin zur Seite.<\/p>\n<\/div>\n<\/div>\n<\/div>\n<\/div>\n\n\n\n<div style=\"height:40px\" aria-hidden=\"true\" class=\"wp-block-spacer\"><\/div>\n\n\n\n<figure class=\"wp-block-gallery has-nested-images columns-2 is-cropped wp-block-gallery-6 is-layout-flex wp-block-gallery-is-layout-flex\" style=\"border-top-left-radius:20px;border-top-right-radius:20px;border-bottom-left-radius:20px;border-bottom-right-radius:20px\">\n<figure class=\"wp-block-image size-large has-custom-border\" style=\"margin-right:0;margin-left:0\"><img loading=\"lazy\" decoding=\"async\" width=\"1024\" height=\"683\" data-id=\"72\" src=\"https:\/\/wagnerfinanz.immo\/wp-content\/uploads\/2025\/12\/WagnerFinanz-1024x683.jpg\" alt=\"\" class=\"wp-image-72\" style=\"border-top-left-radius:20px;border-top-right-radius:20px;border-bottom-left-radius:20px;border-bottom-right-radius:20px;aspect-ratio:1\" srcset=\"https:\/\/wagnerfinanz.immo\/wp-content\/uploads\/2025\/12\/WagnerFinanz-1024x683.jpg 1024w, https:\/\/wagnerfinanz.immo\/wp-content\/uploads\/2025\/12\/WagnerFinanz-300x200.jpg 300w, https:\/\/wagnerfinanz.immo\/wp-content\/uploads\/2025\/12\/WagnerFinanz-768x512.jpg 768w, https:\/\/wagnerfinanz.immo\/wp-content\/uploads\/2025\/12\/WagnerFinanz-1536x1024.jpg 1536w, https:\/\/wagnerfinanz.immo\/wp-content\/uploads\/2025\/12\/WagnerFinanz.jpg 1620w\" sizes=\"auto, (max-width: 1024px) 100vw, 1024px\" \/><\/figure>\n\n\n\n<figure class=\"wp-block-image size-large has-custom-border\" style=\"margin-right:0;margin-left:0\"><img loading=\"lazy\" decoding=\"async\" width=\"683\" height=\"1024\" data-id=\"75\" src=\"https:\/\/wagnerfinanz.immo\/wp-content\/uploads\/2025\/12\/WagnerFinanz-15-683x1024.jpg\" alt=\"\" class=\"wp-image-75\" style=\"border-top-left-radius:20px;border-top-right-radius:20px;border-bottom-left-radius:20px;border-bottom-right-radius:20px;aspect-ratio:1\" srcset=\"https:\/\/wagnerfinanz.immo\/wp-content\/uploads\/2025\/12\/WagnerFinanz-15-683x1024.jpg 683w, https:\/\/wagnerfinanz.immo\/wp-content\/uploads\/2025\/12\/WagnerFinanz-15-200x300.jpg 200w, https:\/\/wagnerfinanz.immo\/wp-content\/uploads\/2025\/12\/WagnerFinanz-15-768x1152.jpg 768w, https:\/\/wagnerfinanz.immo\/wp-content\/uploads\/2025\/12\/WagnerFinanz-15-1024x1536.jpg 1024w, https:\/\/wagnerfinanz.immo\/wp-content\/uploads\/2025\/12\/WagnerFinanz-15.jpg 1080w\" sizes=\"auto, (max-width: 683px) 100vw, 683px\" \/><\/figure>\n\n\n\n<figure class=\"wp-block-image size-large has-custom-border\" style=\"margin-right:0;margin-left:0\"><img loading=\"lazy\" decoding=\"async\" width=\"1024\" height=\"683\" data-id=\"74\" src=\"https:\/\/wagnerfinanz.immo\/wp-content\/uploads\/2025\/12\/WagnerFinanz-16-1024x683.jpg\" alt=\"\" class=\"wp-image-74\" style=\"border-top-left-radius:20px;border-top-right-radius:20px;border-bottom-left-radius:20px;border-bottom-right-radius:20px;aspect-ratio:1\" srcset=\"https:\/\/wagnerfinanz.immo\/wp-content\/uploads\/2025\/12\/WagnerFinanz-16-1024x683.jpg 1024w, https:\/\/wagnerfinanz.immo\/wp-content\/uploads\/2025\/12\/WagnerFinanz-16-300x200.jpg 300w, https:\/\/wagnerfinanz.immo\/wp-content\/uploads\/2025\/12\/WagnerFinanz-16-768x512.jpg 768w, https:\/\/wagnerfinanz.immo\/wp-content\/uploads\/2025\/12\/WagnerFinanz-16-1536x1024.jpg 1536w, https:\/\/wagnerfinanz.immo\/wp-content\/uploads\/2025\/12\/WagnerFinanz-16.jpg 1620w\" sizes=\"auto, (max-width: 1024px) 100vw, 1024px\" \/><\/figure>\n\n\n\n<figure class=\"wp-block-image size-large has-custom-border\" style=\"margin-right:0;margin-left:0\"><img loading=\"lazy\" decoding=\"async\" width=\"683\" height=\"1024\" data-id=\"73\" src=\"https:\/\/wagnerfinanz.immo\/wp-content\/uploads\/2025\/12\/WagnerFinanz-14-683x1024.jpg\" alt=\"\" class=\"wp-image-73\" style=\"border-top-left-radius:20px;border-top-right-radius:20px;border-bottom-left-radius:20px;border-bottom-right-radius:20px;aspect-ratio:1\" srcset=\"https:\/\/wagnerfinanz.immo\/wp-content\/uploads\/2025\/12\/WagnerFinanz-14-683x1024.jpg 683w, https:\/\/wagnerfinanz.immo\/wp-content\/uploads\/2025\/12\/WagnerFinanz-14-200x300.jpg 200w, https:\/\/wagnerfinanz.immo\/wp-content\/uploads\/2025\/12\/WagnerFinanz-14-768x1152.jpg 768w, https:\/\/wagnerfinanz.immo\/wp-content\/uploads\/2025\/12\/WagnerFinanz-14-1024x1536.jpg 1024w, https:\/\/wagnerfinanz.immo\/wp-content\/uploads\/2025\/12\/WagnerFinanz-14.jpg 1080w\" sizes=\"auto, (max-width: 683px) 100vw, 683px\" \/><\/figure>\n<\/figure>\n","protected":false},"excerpt":{"rendered":"<p>Individuelle Finanzierungen.Langj\u00e4hrige Erfahrung.Pers\u00f6nliche Begleitung. M\u00f3nica Wagner ist Ihre zuverl\u00e4ssige Partnerin f\u00fcr Finanzierungen und Immobilienvorhaben. Mein Beratungsprozess Als unabh\u00e4ngige Finanzierungsvermittlerin begleite ich Sie pers\u00f6nlich und strukturiert durch den gesamten Finanzierungsprozess \u2013 vom ersten Gespr\u00e4ch bis zur Auszahlung. Mein Beratungsprozess ist darauf ausgelegt, Ihnen Zeit zu sparen und Klarheit zu schaffen: durch klare Schritte, verst\u00e4ndliche Beratung und [&hellip;]<\/p>\n","protected":false},"author":1,"featured_media":0,"parent":0,"menu_order":0,"comment_status":"closed","ping_status":"closed","template":"header-footer-inhalt","meta":{"footnotes":""},"class_list":["post-6","page","type-page","status-publish","hentry"],"_links":{"self":[{"href":"https:\/\/wagnerfinanz.immo\/en\/wp-json\/wp\/v2\/pages\/6","targetHints":{"allow":["GET"]}}],"collection":[{"href":"https:\/\/wagnerfinanz.immo\/en\/wp-json\/wp\/v2\/pages"}],"about":[{"href":"https:\/\/wagnerfinanz.immo\/en\/wp-json\/wp\/v2\/types\/page"}],"author":[{"embeddable":true,"href":"https:\/\/wagnerfinanz.immo\/en\/wp-json\/wp\/v2\/users\/1"}],"replies":[{"embeddable":true,"href":"https:\/\/wagnerfinanz.immo\/en\/wp-json\/wp\/v2\/comments?post=6"}],"version-history":[{"count":169,"href":"https:\/\/wagnerfinanz.immo\/en\/wp-json\/wp\/v2\/pages\/6\/revisions"}],"predecessor-version":[{"id":548,"href":"https:\/\/wagnerfinanz.immo\/en\/wp-json\/wp\/v2\/pages\/6\/revisions\/548"}],"wp:attachment":[{"href":"https:\/\/wagnerfinanz.immo\/en\/wp-json\/wp\/v2\/media?parent=6"}],"curies":[{"name":"wp","href":"https:\/\/api.w.org\/{rel}","templated":true}]}}