{"id":99,"date":"2026-01-13T21:17:50","date_gmt":"2026-01-13T20:17:50","guid":{"rendered":"https:\/\/wagnerfinanz.immo\/?page_id=99"},"modified":"2026-01-21T13:58:10","modified_gmt":"2026-01-21T12:58:10","slug":"impressum","status":"publish","type":"page","link":"https:\/\/wagnerfinanz.immo\/en\/impressum\/","title":{"rendered":"Legal Notice"},"content":{"rendered":"<div class=\"wp-block-group is-layout-flow wp-block-group-is-layout-flow\" style=\"padding-right:var(--wp--preset--spacing--50);padding-left:var(--wp--preset--spacing--50)\">\n<h2 class=\"wp-block-heading\">Legal Notice<\/h2>\n\n\n\n<p class=\"has-medium-font-size\"><strong>M\u00f3nica Wagner &#8211; WagnerFinanz<\/strong><br><a href=\"https:\/\/www.google.com\/maps\" target=\"_blank\" rel=\"noreferrer noopener\">Hauptstra\u00dfe 41,&nbsp;<\/a>61462&nbsp;<a href=\"https:\/\/www.google.com\/maps\" target=\"_blank\" rel=\"noreferrer noopener\">K\u00f6nigstein im Taunus<\/a><br>Email: info@wagnerfinanz.immoEmail: info@wagnerfinanz.immo<\/p>\n\n\n\n<p class=\"has-medium-font-size\">USt-IdNr: DE327966952<\/p>\n\n\n\n<p class=\"has-medium-font-size\">IHK Vermittlerregister Registrierungsnummer: D-W-125-AUXZ-49<\/p>\n\n\n\n<p class=\"has-medium-font-size\">Immobiliardarlehensvermittler (\u00a7 34i Abs. 1 S. 1 GewO)<\/p>\n\n\n\n<p class=\"has-medium-font-size\">Immobilienmaklerin (IHK) (\u00a7 34c GewO)<\/p>\n\n\n\n<p class=\"has-medium-font-size\"><strong>Aufsichtsbeh\u00f6rden:&nbsp;<\/strong><\/p>\n\n\n\n<p class=\"has-medium-font-size\">Industrie- und Handelskammer Frankfurt am Main, B\u00f6rsenplatz 4, 60313 Frankfurt am Main<\/p>\n\n\n\n<p class=\"has-medium-font-size\">Hochtaunuskreis Gewerbeamt, Ludwig-Erhard-Anlage 1-5, 61352 Bad Homburg v.d.H.<\/p>\n\n\n\n<p class=\"has-medium-font-size\"><strong>Berufshaftpflichtversicherung<\/strong>: R+V Allgemeine Versicherung AG, Hannover<\/p>\n\n\n\n<p class=\"has-medium-font-size\"><strong>Haftungsausschluss<\/strong>: Die Inhalte dieser Website wurden mit gr\u00f6\u00dfter Sorgfalt erstellt. F\u00fcr die Richtigkeit, Vollst\u00e4ndigkeit und Aktualit\u00e4t \u00fcbernehmen wir keine Gew\u00e4hr.<\/p>\n\n\n\n<p class=\"has-medium-font-size\"><strong>Urheberrecht<\/strong>: Alle Inhalte (Texte, Bilder, Grafiken) dieser Website sind urheberrechtlich gesch\u00fctzt. Eine Nutzung ohne ausdr\u00fcckliche Zustimmung ist nicht gestattet.<\/p>\n<\/div>","protected":false},"excerpt":{"rendered":"<p>Impressum M\u00f3nica Wagner &#8211; WagnerFinanzHauptstra\u00dfe 41,&nbsp;61462&nbsp;K\u00f6nigstein im TaunusEmail: info@wagnerfinanz.immoEmail: info@wagnerfinanz.immo USt-IdNr: DE327966952 IHK Vermittlerregister Registrierungsnummer: D-W-125-AUXZ-49 Immobiliardarlehensvermittler (\u00a7 34i Abs. 1 S. 1 GewO) Immobilienmaklerin (IHK) (\u00a7 34c GewO) Aufsichtsbeh\u00f6rden:&nbsp; Industrie- und Handelskammer Frankfurt am Main, B\u00f6rsenplatz 4, 60313 Frankfurt am Main Hochtaunuskreis Gewerbeamt, Ludwig-Erhard-Anlage 1-5, 61352 Bad Homburg v.d.H. Berufshaftpflichtversicherung: R+V Allgemeine Versicherung AG, [&hellip;]<\/p>\n","protected":false},"author":1,"featured_media":0,"parent":0,"menu_order":0,"comment_status":"closed","ping_status":"closed","template":"header-footer-inhalt","meta":{"footnotes":""},"class_list":["post-99","page","type-page","status-publish","hentry"],"_links":{"self":[{"href":"https:\/\/wagnerfinanz.immo\/en\/wp-json\/wp\/v2\/pages\/99","targetHints":{"allow":["GET"]}}],"collection":[{"href":"https:\/\/wagnerfinanz.immo\/en\/wp-json\/wp\/v2\/pages"}],"about":[{"href":"https:\/\/wagnerfinanz.immo\/en\/wp-json\/wp\/v2\/types\/page"}],"author":[{"embeddable":true,"href":"https:\/\/wagnerfinanz.immo\/en\/wp-json\/wp\/v2\/users\/1"}],"replies":[{"embeddable":true,"href":"https:\/\/wagnerfinanz.immo\/en\/wp-json\/wp\/v2\/comments?post=99"}],"version-history":[{"count":3,"href":"https:\/\/wagnerfinanz.immo\/en\/wp-json\/wp\/v2\/pages\/99\/revisions"}],"predecessor-version":[{"id":529,"href":"https:\/\/wagnerfinanz.immo\/en\/wp-json\/wp\/v2\/pages\/99\/revisions\/529"}],"wp:attachment":[{"href":"https:\/\/wagnerfinanz.immo\/en\/wp-json\/wp\/v2\/media?parent=99"}],"curies":[{"name":"wp","href":"https:\/\/api.w.org\/{rel}","templated":true}]}}